{"id":17,"date":"2008-10-10T10:58:03","date_gmt":"2008-10-10T08:58:03","guid":{"rendered":"http:\/\/www.dwach.pl\/wordpress\/?page_id=17"},"modified":"2013-03-09T16:33:59","modified_gmt":"2013-03-09T16:33:59","slug":"autor","status":"publish","type":"page","link":"https:\/\/www.dwach.pl\/?page_id=17","title":{"rendered":"1. autor"},"content":{"rendered":"<p style=\"text-align: left;\"><strong>U<\/strong>rodzony w Polsce, mieszkaj\u0105cy w Anglii&#8230;<\/p>\n<p style=\"text-align: left;\"><strong>B<\/strong>y\u0142y informatyk, obecnie logistyk&#8230;<\/p>\n<p style=\"text-align: left;\"><strong>F<\/strong>otograf amator&#8230;<\/p>\n<p style=\"text-align: left;\"><strong>Z<\/strong>wolennik kr\u00f3lowej i przeciwnik Kaczy\u0144skiego&#8230;<\/p>\n<p style=\"text-align: center;\"><strong><\/strong><strong>J<\/strong>estem jaki jestem<br \/>\n<strong>I<\/strong> m\u00f3wi\u0119 to co chc\u0119<br \/>\n<strong>J<\/strong>estem jaki jestem<br \/>\n<strong>I <\/strong>my\u015bl\u0119 to co chc\u0119<br \/>\n<strong>A <\/strong>ty akceptuj mnie<br \/>\n<strong>B<\/strong>o jak nie &#8211; to nie<\/p>\n<p style=\"text-align: right;\"><strong>Z<\/strong>apalony ogrodnik, wielbiciel <a href=\"http:\/\/www.riverdance.com\/\" target=\"_blank\">Riverdance<\/a> i <a href=\"http:\/\/www.michalbajor.pl\/\" target=\"_blank\">Micha\u0142a Bajora<\/a>&#8230;<\/p>\n<p style=\"text-align: right;\"><strong>Z<\/strong>akochany w <a href=\"http:\/\/www.egipt.com.pl\/\" target=\"_blank\">Egipcie<\/a>, <a href=\"http:\/\/www.tatry.info.pl\/\" target=\"_blank\">Tatrach <\/a>i&#8230;<\/p>\n<p style=\"text-align: right;\"><strong>T<\/strong>roch\u0119 kucharz, programista i malarz&#8230;<\/p>\n<p style=\"text-align: right;\"><strong>C<\/strong>z\u0142owiek&#8230;<\/p>\n","protected":false},"excerpt":{"rendered":"<p>Urodzony w Polsce, mieszkaj\u0105cy w Anglii&#8230; By\u0142y informatyk, obecnie logistyk&#8230; Fotograf amator&#8230; Zwolennik kr\u00f3lowej i przeciwnik Kaczy\u0144skiego&#8230; Jestem jaki jestem I m\u00f3wi\u0119 to co chc\u0119 Jestem jaki jestem I my\u015bl\u0119 to co chc\u0119 A ty akceptuj mnie Bo jak nie &#8211; to nie Zapalony ogrodnik, wielbiciel Riverdance i Micha\u0142a Bajora&#8230; Zakochany w Egipcie, Tatrach i&#8230; &#8230;<\/p>\n<p><a href=\"https:\/\/www.dwach.pl\/?page_id=17\" class=\"more-link\">Wi\u0119cej <span class=\"meta-nav\">&rarr;<\/span><\/a><\/p>\n","protected":false},"author":1,"featured_media":0,"parent":0,"menu_order":0,"comment_status":"closed","ping_status":"open","template":"","meta":{"footnotes":""},"class_list":["post-17","page","type-page","status-publish","hentry"],"_links":{"self":[{"href":"https:\/\/www.dwach.pl\/index.php?rest_route=\/wp\/v2\/pages\/17","targetHints":{"allow":["GET"]}}],"collection":[{"href":"https:\/\/www.dwach.pl\/index.php?rest_route=\/wp\/v2\/pages"}],"about":[{"href":"https:\/\/www.dwach.pl\/index.php?rest_route=\/wp\/v2\/types\/page"}],"author":[{"embeddable":true,"href":"https:\/\/www.dwach.pl\/index.php?rest_route=\/wp\/v2\/users\/1"}],"replies":[{"embeddable":true,"href":"https:\/\/www.dwach.pl\/index.php?rest_route=%2Fwp%2Fv2%2Fcomments&post=17"}],"version-history":[{"count":2,"href":"https:\/\/www.dwach.pl\/index.php?rest_route=\/wp\/v2\/pages\/17\/revisions"}],"predecessor-version":[{"id":1085,"href":"https:\/\/www.dwach.pl\/index.php?rest_route=\/wp\/v2\/pages\/17\/revisions\/1085"}],"wp:attachment":[{"href":"https:\/\/www.dwach.pl\/index.php?rest_route=%2Fwp%2Fv2%2Fmedia&parent=17"}],"curies":[{"name":"wp","href":"https:\/\/api.w.org\/{rel}","templated":true}]}}